{"id":60,"date":"2022-02-17T18:10:22","date_gmt":"2022-02-17T17:10:22","guid":{"rendered":"https:\/\/hotel-ziegler.com\/home\/?page_id=60"},"modified":"2025-01-03T12:24:41","modified_gmt":"2025-01-03T11:24:41","slug":"doppelzimmer","status":"publish","type":"page","link":"https:\/\/www.hotel-ziegler.com\/home\/doppelzimmer\/","title":{"rendered":"Doppelzimmer ab 130.- \u20ac"},"content":{"rendered":"\n<p>Ein sch\u00f6n eingerichtetes Doppelzimmer.<\/p>\n\n\n\n<p>Alle unsere Zimmer sind mit einem eigenen Nassbereich und WC ausgestattet. Unser Haus ist ein NICHTRAUCHER G\u00e4stehaus.<br>Es befindet sich ein Schreibtisch mit Sitzgelegenheit, Minibar, Telefon und ein LCD-TV in jedem Zimmer.<\/p>\n\n\n<div class=\"lightweight-accordion has-background\"><details><summary class=\"lightweight-accordion-title\" style=\"background:#FFEBCD;\"><span>Buchungsanfrage<\/span><\/summary><div class=\"lightweight-accordion-body\" style=\"border-color:#FFEBCD;\">\n<div class=\"wpcf7 no-js\" id=\"wpcf7-f147-o1\" lang=\"de-DE\" dir=\"ltr\" data-wpcf7-id=\"147\">\n<div class=\"screen-reader-response\">\n<p role=\"status\" aria-live=\"polite\" aria-atomic=\"true\">\n<ul><\/ul>\n<\/div>\n<form action=\"\/home\/wp-json\/wp\/v2\/pages\/60#wpcf7-f147-o1\" method=\"post\" class=\"wpcf7-form init wpcf7-acceptance-as-validation\" aria-label=\"Kontaktformular\" novalidate=\"novalidate\" data-status=\"init\">\n<fieldset class=\"hidden-fields-container\"><input type=\"hidden\" name=\"_wpcf7\" value=\"147\" \/><input type=\"hidden\" name=\"_wpcf7_version\" value=\"6.1.5\" \/><input type=\"hidden\" name=\"_wpcf7_locale\" value=\"de_DE\" \/><input type=\"hidden\" name=\"_wpcf7_unit_tag\" value=\"wpcf7-f147-o1\" \/><input type=\"hidden\" name=\"_wpcf7_container_post\" value=\"0\" \/><input type=\"hidden\" name=\"_wpcf7_posted_data_hash\" value=\"\" \/><br \/>\n<\/fieldset>\n<p><span class=\"wpcf7-form-control-wrap\" data-name=\"your-name\"><input size=\"40\" maxlength=\"400\" class=\"wpcf7-form-control wpcf7-text wpcf7-validates-as-required\" autocomplete=\"name\" aria-required=\"true\" aria-invalid=\"false\" placeholder=\"Ihr Vor- und Nachname*\" value=\"\" type=\"text\" name=\"your-name\" \/><\/span>\n<\/p>\n<p><span class=\"wpcf7-form-control-wrap\" data-name=\"your-street\"><input size=\"40\" maxlength=\"400\" class=\"wpcf7-form-control wpcf7-text wpcf7-validates-as-required\" autocomplete=\"street-address\" aria-required=\"true\" aria-invalid=\"false\" placeholder=\"Stra\u00dfe &amp; Hausnummer*\" value=\"\" type=\"text\" name=\"your-street\" \/><\/span>\n<\/p>\n<p><span class=\"wpcf7-form-control-wrap\" data-name=\"your-postalcode\"><input size=\"40\" maxlength=\"400\" class=\"wpcf7-form-control wpcf7-text wpcf7-validates-as-required\" autocomplete=\"postal-code\" aria-required=\"true\" aria-invalid=\"false\" placeholder=\"Postleitzahl*\" value=\"\" type=\"text\" name=\"your-postalcode\" \/><\/span>\n<\/p>\n<p><span class=\"wpcf7-form-control-wrap\" data-name=\"your-location\"><input size=\"40\" maxlength=\"400\" class=\"wpcf7-form-control wpcf7-text wpcf7-validates-as-required\" autocomplete=\"address-level2\" aria-required=\"true\" aria-invalid=\"false\" placeholder=\"Ort*\" value=\"\" type=\"text\" name=\"your-location\" \/><\/span>\n<\/p>\n<p><span class=\"wpcf7-form-control-wrap\" data-name=\"your-land\"><input size=\"40\" maxlength=\"400\" class=\"wpcf7-form-control wpcf7-text\" autocomplete=\"country-name\" aria-invalid=\"false\" placeholder=\"Land\" value=\"\" type=\"text\" name=\"your-land\" \/><\/span>\n<\/p>\n<p><span class=\"wpcf7-form-control-wrap\" data-name=\"tel-466\"><input size=\"40\" maxlength=\"400\" class=\"wpcf7-form-control wpcf7-tel wpcf7-validates-as-required wpcf7-text wpcf7-validates-as-tel\" aria-required=\"true\" aria-invalid=\"false\" placeholder=\"Telefonnummer*\" value=\"\" type=\"tel\" name=\"tel-466\" \/><\/span>\n<\/p>\n<p><span class=\"wpcf7-form-control-wrap\" data-name=\"your-email\"><input size=\"40\" maxlength=\"400\" class=\"wpcf7-form-control wpcf7-email wpcf7-validates-as-required wpcf7-text wpcf7-validates-as-email\" autocomplete=\"email\" aria-required=\"true\" aria-invalid=\"false\" placeholder=\"E-Mail-Adresse*\" value=\"\" type=\"email\" name=\"your-email\" \/><\/span>\n<\/p>\n<p>Anreise-Abreise*<br \/>\n<span class=\"wpcf7-form-control-wrap\" data-name=\"date-482\"><input class=\"wpcf7-form-control wpcf7-date wpcf7-validates-as-required wpcf7-validates-as-date cf7-appointment-date\" id=\"cf7-appointment-date\" min=\"2026-05-11\" max=\"2027-05-10\" aria-required=\"true\" aria-invalid=\"false\" value=\"\" type=\"date\" name=\"date-482\" \/><\/span><span class=\"wpcf7-form-control-wrap\" data-name=\"date-123\"><input class=\"wpcf7-form-control wpcf7-date wpcf7-validates-as-required wpcf7-validates-as-date cf7-appointment-date\" min=\"2026-05-11\" max=\"2027-05-10\" aria-required=\"true\" aria-invalid=\"false\" value=\"\" type=\"date\" name=\"date-123\" \/><\/span>\n<\/p>\n<p>Fr\u00fchst\u00fccksbuffet Montag bis Freitag ab 7:30 Uhr Samstag\/Sonntag & Feiertag ab 8:30 Uhr*<br \/>\n<span class=\"wpcf7-form-control-wrap\" data-name=\"radio-810\"><span class=\"wpcf7-form-control wpcf7-radio\"><span class=\"wpcf7-list-item first\"><label><input type=\"radio\" name=\"radio-810\" value=\"ohne Fr\u00fchst\u00fcck\" checked=\"checked\" \/><span class=\"wpcf7-list-item-label\">ohne Fr\u00fchst\u00fcck<\/span><\/label><\/span><span class=\"wpcf7-list-item last\"><label><input type=\"radio\" name=\"radio-810\" value=\"mit Fr\u00fchst\u00fcck (Aufpreis)\" \/><span class=\"wpcf7-list-item-label\">mit Fr\u00fchst\u00fcck (Aufpreis)<\/span><\/label><\/span><\/span><\/span>\n<\/p>\n<p>Ab Juli 2026 kommen noch 3.- \u20ac \u00dcbernachtungssteuer pro Nacht und Person ab 18 Jahre hinzu.\n<\/p>\n<p><span class=\"wpcf7-form-control-wrap\" data-name=\"your-message\"><textarea cols=\"40\" rows=\"4\" maxlength=\"2000\" class=\"wpcf7-form-control wpcf7-textarea\" aria-invalid=\"false\" placeholder=\"Ihre Nachricht an uns (optional)\" name=\"your-message\"><\/textarea><\/span><br \/>\n<span class=\"wpcf7-form-control-wrap kc_captcha\" data-name=\"kc_captcha\"><span class=\"wpcf7-form-control wpcf7-radio\"><span class=\"captcha-image\"><span class=\"cf7ic_instructions\">Bitte beweise, dass du kein Spambot bist und w\u00e4hle das Symbol<span> Tasse<\/span>.<\/span><label><input aria-label=\"1\" type=\"radio\" name=\"kc_captcha\" value=\"kc_human\" \/><svg aria-hidden=\"true\" role=\"img\" xmlns=\"http:\/\/www.w3.org\/2000\/svg\" viewBox=\"0 0 640 512\"><path fill=\"currentColor\" d=\"M192 384h192c53 0 96-43 96-96h32a128 128 0 000-256H120c-13 0-24 11-24 24v232c0 53 43 96 96 96zM512 96a64 64 0 010 128h-32V96h32zm48 384H48c-47 0-61-64-36-64h584c25 0 11 64-36 64z\"><\/path><\/svg><\/label><label><input aria-label=\"2\" type=\"radio\" name=\"kc_captcha\" value=\"bot\" \/><svg aria-hidden=\"true\" role=\"img\" xmlns=\"http:\/\/www.w3.org\/2000\/svg\" viewBox=\"0 0 384 512\"><path fill=\"currentColor\" d=\"M377 375l-83-87h34c21 0 32-25 17-40l-82-88h33c21 0 32-25 18-40L210 8c-10-11-26-11-36 0L70 120c-14 15-3 40 18 40h33l-82 88c-15 15-4 40 17 40h34L7 375c-15 16-4 41 17 41h120c0 33-11 49-34 68-12 9-5 28 10 28h144c15 0 22-19 10-28-20-16-34-32-34-68h120c21 0 32-25 17-41z\"><\/path><\/svg><\/label><label><input aria-label=\"3\" type=\"radio\" name=\"kc_captcha\" value=\"bot\" \/><svg aria-hidden=\"true\" role=\"img\" xmlns=\"http:\/\/www.w3.org\/2000\/svg\" viewBox=\"0 0 576 512\"><path fill=\"currentColor\" d=\"M472 200H360L256 6a12 12 0 00-10-6h-58c-8 0-14 7-12 15l34 185H100l-35-58a12 12 0 00-10-6H12c-8 0-13 7-12 14l21 106L0 362c-1 7 4 14 12 14h43c4 0 8-2 10-6l35-58h110l-34 185c-2 8 4 15 12 15h58a12 12 0 0010-6l104-194h112c57 0 104-25 104-56s-47-56-104-56z\"><\/path><\/svg><\/label><br \/>\n    <\/span><br \/>\n    <span style=\"display:none\"><br \/>\n        <input type=\"text\" name=\"kc_honeypot\"\/><br \/>\n    <\/span><\/span><\/span><br \/>\n<span class=\"wpcf7-form-control-wrap\" data-name=\"acceptance-900\"><span class=\"wpcf7-form-control wpcf7-acceptance\"><span class=\"wpcf7-list-item\"><label><input type=\"checkbox\" name=\"acceptance-900\" value=\"1\" aria-invalid=\"false\" \/><span class=\"wpcf7-list-item-label\">Mit <a target=\"_blank\" rel=\"nofollow noopener\" href=\"\/home\/datenschutzerklaerung\/\">Speicherung der Daten<\/a> zum Zweck der Verarbeitung meiner Nachricht bin ich einverstanden.<\/span><\/label><\/span><\/span><\/span>\n<\/p>\n<div class=\"wpcf7-turnstile cf-turnstile\" data-sitekey=\"0x4AAAAAABoTJnHV_6dMaKeB\" data-response-field-name=\"_wpcf7_turnstile_response\"><\/div>\n<p><input class=\"wpcf7-form-control wpcf7-submit has-spinner\" type=\"submit\" value=\"Senden\" \/>\n<\/p>\n<p>Mit * gekennzeichnete Eintr\u00e4ge m\u00fcssen ausgef\u00fcllt werden.\n<\/p>\n<p style=\"display: none !important;\" class=\"akismet-fields-container\" data-prefix=\"_wpcf7_ak_\"><label>&#916;<textarea name=\"_wpcf7_ak_hp_textarea\" cols=\"45\" rows=\"8\" maxlength=\"100\"><\/textarea><\/label><input type=\"hidden\" id=\"ak_js_1\" name=\"_wpcf7_ak_js\" value=\"250\"\/><script type=\"text\/javascript\">\n\/* <![CDATA[ *\/\ndocument.getElementById( \"ak_js_1\" ).setAttribute( \"value\", ( new Date() ).getTime() );\n\/* ]]> *\/\n<\/script>\n<\/p>\n<p><input type='hidden' class='wpcf7-pum' value='{\"closepopup\":false,\"closedelay\":0,\"openpopup\":false,\"openpopup_id\":0}' \/><\/p>\n<div class=\"wpcf7-response-output\" aria-hidden=\"true\"><\/div>\n<\/form>\n<\/div>\n<\/div><\/details><\/div>\n\n\n\n<hr class=\"wp-block-separator has-alpha-channel-opacity is-style-wide\"\/>\n\n\n\n<h3 class=\"wp-block-heading\"><strong>Zimmeraustattung<\/strong><\/h3>\n\n\n\n<div class=\"wp-block-columns is-layout-flex wp-container-core-columns-is-layout-9d6595d7 wp-block-columns-is-layout-flex\">\n<div class=\"wp-block-column is-layout-flow wp-block-column-is-layout-flow\" style=\"flex-basis:25%\">\n<ul class=\"wp-block-list\">\n<li>Bett (200\u00d7200)<\/li>\n\n\n\n<li>Bettw\u00e4sche inkl.<\/li>\n\n\n\n<li>zweites Kopfkissen<\/li>\n\n\n\n<li>Kleiderschrank<\/li>\n\n\n\n<li>Nassbereich<\/li>\n\n\n\n<li>Seife &amp; Duschgel<\/li>\n\n\n\n<li>Hand- &amp; Duscht\u00fccher<\/li>\n\n\n\n<li>Haartrockner<\/li>\n\n\n\n<li>Fernseher<\/li>\n\n\n\n<li>Radiowecker<\/li>\n<\/ul>\n<\/div>\n\n\n\n<div class=\"wp-block-column is-layout-flow wp-block-column-is-layout-flow\" style=\"flex-basis:25%\">\n<ul class=\"wp-block-list\">\n<li>Mini-Bar <\/li>\n\n\n\n<li>Schreibtisch<\/li>\n\n\n\n<li>Telefon <\/li>\n\n\n\n<li>WLAN (Internet) <\/li>\n\n\n\n<li>Ventilator <\/li>\n\n\n\n<li>Heizung <\/li>\n\n\n\n<li>Wasserkocher <\/li>\n\n\n\n<li>kostenlose Auswahl von Teesorten und Kaffee <\/li>\n<\/ul>\n<\/div>\n\n\n\n<div class=\"wp-block-column is-layout-flow wp-block-column-is-layout-flow\" style=\"flex-basis:66.66%\">\n<figure class=\"wp-block-gallery has-nested-images columns-2 is-cropped wp-block-gallery-1 is-layout-flex wp-block-gallery-is-layout-flex\">\n<figure class=\"wp-block-image size-large\"><a href=\"https:\/\/www.hotel-ziegler.com\/home\/wp-content\/uploads\/2023\/07\/dpz_bed_room-scaled.jpg\"><img loading=\"lazy\" decoding=\"async\" width=\"1024\" height=\"576\" data-id=\"98\" src=\"https:\/\/www.hotel-ziegler.com\/home\/wp-content\/uploads\/2023\/07\/dpz_bed_room-1024x576.jpg\" alt=\"\" class=\"wp-image-98\" srcset=\"https:\/\/www.hotel-ziegler.com\/home\/wp-content\/uploads\/2023\/07\/dpz_bed_room-1024x576.jpg 1024w, https:\/\/www.hotel-ziegler.com\/home\/wp-content\/uploads\/2023\/07\/dpz_bed_room-300x169.jpg 300w, https:\/\/www.hotel-ziegler.com\/home\/wp-content\/uploads\/2023\/07\/dpz_bed_room-768x432.jpg 768w, https:\/\/www.hotel-ziegler.com\/home\/wp-content\/uploads\/2023\/07\/dpz_bed_room-1536x864.jpg 1536w, https:\/\/www.hotel-ziegler.com\/home\/wp-content\/uploads\/2023\/07\/dpz_bed_room-2048x1152.jpg 2048w\" sizes=\"auto, (max-width: 1024px) 100vw, 1024px\" \/><\/a><figcaption class=\"wp-element-caption\">Doppelzimmer Raum<\/figcaption><\/figure>\n\n\n\n<figure class=\"wp-block-image size-large\"><a href=\"https:\/\/www.hotel-ziegler.com\/home\/wp-content\/uploads\/2023\/07\/dpz_schrtis-scaled.jpg\"><img loading=\"lazy\" decoding=\"async\" width=\"1024\" height=\"576\" data-id=\"95\" src=\"https:\/\/www.hotel-ziegler.com\/home\/wp-content\/uploads\/2023\/07\/dpz_schrtis-1024x576.jpg\" alt=\"\" class=\"wp-image-95\" srcset=\"https:\/\/www.hotel-ziegler.com\/home\/wp-content\/uploads\/2023\/07\/dpz_schrtis-1024x576.jpg 1024w, https:\/\/www.hotel-ziegler.com\/home\/wp-content\/uploads\/2023\/07\/dpz_schrtis-300x169.jpg 300w, https:\/\/www.hotel-ziegler.com\/home\/wp-content\/uploads\/2023\/07\/dpz_schrtis-768x432.jpg 768w, https:\/\/www.hotel-ziegler.com\/home\/wp-content\/uploads\/2023\/07\/dpz_schrtis-1536x864.jpg 1536w, https:\/\/www.hotel-ziegler.com\/home\/wp-content\/uploads\/2023\/07\/dpz_schrtis-2048x1152.jpg 2048w\" sizes=\"auto, (max-width: 1024px) 100vw, 1024px\" \/><\/a><figcaption class=\"wp-element-caption\">Doppelzimmer Schreibtisch<\/figcaption><\/figure>\n\n\n\n<figure class=\"wp-block-image size-large\"><a href=\"https:\/\/www.hotel-ziegler.com\/home\/wp-content\/uploads\/2023\/07\/dpz_bad_wc-scaled.jpg\"><img loading=\"lazy\" decoding=\"async\" width=\"1024\" height=\"576\" data-id=\"99\" src=\"https:\/\/www.hotel-ziegler.com\/home\/wp-content\/uploads\/2023\/07\/dpz_bad_wc-1024x576.jpg\" alt=\"Doppelzimmer\" class=\"wp-image-99\" srcset=\"https:\/\/www.hotel-ziegler.com\/home\/wp-content\/uploads\/2023\/07\/dpz_bad_wc-1024x576.jpg 1024w, https:\/\/www.hotel-ziegler.com\/home\/wp-content\/uploads\/2023\/07\/dpz_bad_wc-300x169.jpg 300w, https:\/\/www.hotel-ziegler.com\/home\/wp-content\/uploads\/2023\/07\/dpz_bad_wc-768x432.jpg 768w, https:\/\/www.hotel-ziegler.com\/home\/wp-content\/uploads\/2023\/07\/dpz_bad_wc-1536x864.jpg 1536w, https:\/\/www.hotel-ziegler.com\/home\/wp-content\/uploads\/2023\/07\/dpz_bad_wc-2048x1152.jpg 2048w\" sizes=\"auto, (max-width: 1024px) 100vw, 1024px\" \/><\/a><figcaption class=\"wp-element-caption\">Doppelzimmer Bad WC<\/figcaption><\/figure>\n\n\n\n<figure class=\"wp-block-image size-large\"><a href=\"https:\/\/www.hotel-ziegler.com\/home\/wp-content\/uploads\/2023\/07\/dpz_bad_du-scaled.jpg\"><img loading=\"lazy\" decoding=\"async\" width=\"1024\" height=\"576\" data-id=\"96\" src=\"https:\/\/www.hotel-ziegler.com\/home\/wp-content\/uploads\/2023\/07\/dpz_bad_du-1024x576.jpg\" alt=\"\" class=\"wp-image-96\" srcset=\"https:\/\/www.hotel-ziegler.com\/home\/wp-content\/uploads\/2023\/07\/dpz_bad_du-1024x576.jpg 1024w, https:\/\/www.hotel-ziegler.com\/home\/wp-content\/uploads\/2023\/07\/dpz_bad_du-300x169.jpg 300w, https:\/\/www.hotel-ziegler.com\/home\/wp-content\/uploads\/2023\/07\/dpz_bad_du-768x432.jpg 768w, https:\/\/www.hotel-ziegler.com\/home\/wp-content\/uploads\/2023\/07\/dpz_bad_du-1536x864.jpg 1536w, https:\/\/www.hotel-ziegler.com\/home\/wp-content\/uploads\/2023\/07\/dpz_bad_du-2048x1152.jpg 2048w\" sizes=\"auto, (max-width: 1024px) 100vw, 1024px\" \/><\/a><figcaption class=\"wp-element-caption\">Doppelzimmer Bad Dusche<\/figcaption><\/figure>\n\n\n\n<figure class=\"wp-block-image size-large\"><a href=\"https:\/\/www.hotel-ziegler.com\/home\/wp-content\/uploads\/2023\/07\/dpz_bed-scaled.jpg\"><img loading=\"lazy\" decoding=\"async\" width=\"1024\" height=\"576\" data-id=\"97\" src=\"https:\/\/www.hotel-ziegler.com\/home\/wp-content\/uploads\/2023\/07\/dpz_bed-1024x576.jpg\" alt=\"\" class=\"wp-image-97\" srcset=\"https:\/\/www.hotel-ziegler.com\/home\/wp-content\/uploads\/2023\/07\/dpz_bed-1024x576.jpg 1024w, https:\/\/www.hotel-ziegler.com\/home\/wp-content\/uploads\/2023\/07\/dpz_bed-300x169.jpg 300w, https:\/\/www.hotel-ziegler.com\/home\/wp-content\/uploads\/2023\/07\/dpz_bed-768x432.jpg 768w, https:\/\/www.hotel-ziegler.com\/home\/wp-content\/uploads\/2023\/07\/dpz_bed-1536x864.jpg 1536w, https:\/\/www.hotel-ziegler.com\/home\/wp-content\/uploads\/2023\/07\/dpz_bed-2048x1152.jpg 2048w\" sizes=\"auto, (max-width: 1024px) 100vw, 1024px\" \/><\/a><figcaption class=\"wp-element-caption\">Doppelzimmer<\/figcaption><\/figure>\n<\/figure>\n<\/div>\n<\/div>\n\n\n\n<hr class=\"wp-block-separator has-alpha-channel-opacity is-style-wide\"\/>\n\n\n\n<p><\/p>\n","protected":false},"excerpt":{"rendered":"<p>Ein sch\u00f6n eingerichtetes Doppelzimmer. Alle unsere Zimmer sind mit einem eigenen Nassbereich und WC ausgestattet. Unser Haus ist ein NICHTRAUCHER G\u00e4stehaus.Es befindet sich ein Schreibtisch mit Sitzgelegenheit, Minibar, Telefon und &#8230;<\/p>\n","protected":false},"author":1,"featured_media":97,"parent":0,"menu_order":0,"comment_status":"closed","ping_status":"closed","template":"","meta":{"footnotes":""},"class_list":["post-60","page","type-page","status-publish","has-post-thumbnail","hentry"],"yoast_head":"<!-- This site is optimized with the Yoast SEO plugin v27.5 - https:\/\/yoast.com\/product\/yoast-seo-wordpress\/ -->\n<title>Doppelzimmer ab 130.- \u20ac - Hotel G\u00e4stehaus Ziegler<\/title>\n<meta name=\"robots\" content=\"index, follow, max-snippet:-1, max-image-preview:large, max-video-preview:-1\" \/>\n<link rel=\"canonical\" href=\"https:\/\/www.hotel-ziegler.com\/home\/doppelzimmer\/\" \/>\n<meta property=\"og:locale\" content=\"de_DE\" \/>\n<meta property=\"og:type\" content=\"article\" \/>\n<meta property=\"og:title\" content=\"Doppelzimmer ab 130.- \u20ac - Hotel G\u00e4stehaus Ziegler\" \/>\n<meta property=\"og:description\" content=\"Ein sch\u00f6n eingerichtetes Doppelzimmer. Alle unsere Zimmer sind mit einem eigenen Nassbereich und WC ausgestattet. Unser Haus ist ein NICHTRAUCHER G\u00e4stehaus.Es befindet sich ein Schreibtisch mit Sitzgelegenheit, Minibar, Telefon und ...\" \/>\n<meta property=\"og:url\" content=\"https:\/\/www.hotel-ziegler.com\/home\/doppelzimmer\/\" \/>\n<meta property=\"og:site_name\" content=\"Hotel G\u00e4stehaus Ziegler\" \/>\n<meta property=\"article:modified_time\" content=\"2025-01-03T11:24:41+00:00\" \/>\n<meta property=\"og:image\" content=\"https:\/\/www.hotel-ziegler.com\/home\/wp-content\/uploads\/2023\/07\/dpz_bed-scaled.jpg\" \/>\n\t<meta property=\"og:image:width\" content=\"2560\" \/>\n\t<meta property=\"og:image:height\" content=\"1440\" \/>\n\t<meta property=\"og:image:type\" content=\"image\/jpeg\" \/>\n<meta name=\"twitter:card\" content=\"summary_large_image\" \/>\n<meta name=\"twitter:label1\" content=\"Gesch\u00e4tzte Lesezeit\" \/>\n\t<meta name=\"twitter:data1\" content=\"2\u00a0Minuten\" \/>\n<script type=\"application\/ld+json\" class=\"yoast-schema-graph\">{\"@context\":\"https:\\\/\\\/schema.org\",\"@graph\":[{\"@type\":\"WebPage\",\"@id\":\"https:\\\/\\\/www.hotel-ziegler.com\\\/home\\\/doppelzimmer\\\/\",\"url\":\"https:\\\/\\\/www.hotel-ziegler.com\\\/home\\\/doppelzimmer\\\/\",\"name\":\"Doppelzimmer ab 130.- \u20ac - Hotel G\u00e4stehaus Ziegler\",\"isPartOf\":{\"@id\":\"https:\\\/\\\/www.hotel-ziegler.com\\\/home\\\/#website\"},\"primaryImageOfPage\":{\"@id\":\"https:\\\/\\\/www.hotel-ziegler.com\\\/home\\\/doppelzimmer\\\/#primaryimage\"},\"image\":{\"@id\":\"https:\\\/\\\/www.hotel-ziegler.com\\\/home\\\/doppelzimmer\\\/#primaryimage\"},\"thumbnailUrl\":\"https:\\\/\\\/www.hotel-ziegler.com\\\/home\\\/wp-content\\\/uploads\\\/2023\\\/07\\\/dpz_bed-scaled.jpg\",\"datePublished\":\"2022-02-17T17:10:22+00:00\",\"dateModified\":\"2025-01-03T11:24:41+00:00\",\"breadcrumb\":{\"@id\":\"https:\\\/\\\/www.hotel-ziegler.com\\\/home\\\/doppelzimmer\\\/#breadcrumb\"},\"inLanguage\":\"de\",\"potentialAction\":[{\"@type\":\"ReadAction\",\"target\":[\"https:\\\/\\\/www.hotel-ziegler.com\\\/home\\\/doppelzimmer\\\/\"]}]},{\"@type\":\"ImageObject\",\"inLanguage\":\"de\",\"@id\":\"https:\\\/\\\/www.hotel-ziegler.com\\\/home\\\/doppelzimmer\\\/#primaryimage\",\"url\":\"https:\\\/\\\/www.hotel-ziegler.com\\\/home\\\/wp-content\\\/uploads\\\/2023\\\/07\\\/dpz_bed-scaled.jpg\",\"contentUrl\":\"https:\\\/\\\/www.hotel-ziegler.com\\\/home\\\/wp-content\\\/uploads\\\/2023\\\/07\\\/dpz_bed-scaled.jpg\",\"width\":2560,\"height\":1440,\"caption\":\"Doppelzimmer Bett\"},{\"@type\":\"BreadcrumbList\",\"@id\":\"https:\\\/\\\/www.hotel-ziegler.com\\\/home\\\/doppelzimmer\\\/#breadcrumb\",\"itemListElement\":[{\"@type\":\"ListItem\",\"position\":1,\"name\":\"Startseite\",\"item\":\"https:\\\/\\\/www.hotel-ziegler.com\\\/home\\\/\"},{\"@type\":\"ListItem\",\"position\":2,\"name\":\"Doppelzimmer ab 130.- \u20ac\"}]},{\"@type\":\"WebSite\",\"@id\":\"https:\\\/\\\/www.hotel-ziegler.com\\\/home\\\/#website\",\"url\":\"https:\\\/\\\/www.hotel-ziegler.com\\\/home\\\/\",\"name\":\"Hotel G\u00e4stehaus Ziegler\",\"description\":\"Dein Hotel im Herzen Stuttgarts\",\"publisher\":{\"@id\":\"https:\\\/\\\/www.hotel-ziegler.com\\\/home\\\/#organization\"},\"alternateName\":\"Hotel G\u00e4stehaus Ziegler Stuttgart\",\"potentialAction\":[{\"@type\":\"SearchAction\",\"target\":{\"@type\":\"EntryPoint\",\"urlTemplate\":\"https:\\\/\\\/www.hotel-ziegler.com\\\/home\\\/?s={search_term_string}\"},\"query-input\":{\"@type\":\"PropertyValueSpecification\",\"valueRequired\":true,\"valueName\":\"search_term_string\"}}],\"inLanguage\":\"de\"},{\"@type\":\"Organization\",\"@id\":\"https:\\\/\\\/www.hotel-ziegler.com\\\/home\\\/#organization\",\"name\":\"Hotel G\u00e4stehaus Ziegler\",\"alternateName\":\"G\u00e4stehaus Ziegler Stuttgart\",\"url\":\"https:\\\/\\\/www.hotel-ziegler.com\\\/home\\\/\",\"logo\":{\"@type\":\"ImageObject\",\"inLanguage\":\"de\",\"@id\":\"https:\\\/\\\/www.hotel-ziegler.com\\\/home\\\/#\\\/schema\\\/logo\\\/image\\\/\",\"url\":\"https:\\\/\\\/www.hotel-ziegler.com\\\/home\\\/wp-content\\\/uploads\\\/2023\\\/07\\\/ghz-logo-mit_tel.jpg\",\"contentUrl\":\"https:\\\/\\\/www.hotel-ziegler.com\\\/home\\\/wp-content\\\/uploads\\\/2023\\\/07\\\/ghz-logo-mit_tel.jpg\",\"width\":535,\"height\":420,\"caption\":\"Hotel G\u00e4stehaus Ziegler\"},\"image\":{\"@id\":\"https:\\\/\\\/www.hotel-ziegler.com\\\/home\\\/#\\\/schema\\\/logo\\\/image\\\/\"}}]}<\/script>\n<!-- \/ Yoast SEO plugin. -->","yoast_head_json":{"title":"Doppelzimmer ab 130.- \u20ac - Hotel G\u00e4stehaus Ziegler","robots":{"index":"index","follow":"follow","max-snippet":"max-snippet:-1","max-image-preview":"max-image-preview:large","max-video-preview":"max-video-preview:-1"},"canonical":"https:\/\/www.hotel-ziegler.com\/home\/doppelzimmer\/","og_locale":"de_DE","og_type":"article","og_title":"Doppelzimmer ab 130.- \u20ac - Hotel G\u00e4stehaus Ziegler","og_description":"Ein sch\u00f6n eingerichtetes Doppelzimmer. Alle unsere Zimmer sind mit einem eigenen Nassbereich und WC ausgestattet. Unser Haus ist ein NICHTRAUCHER G\u00e4stehaus.Es befindet sich ein Schreibtisch mit Sitzgelegenheit, Minibar, Telefon und ...","og_url":"https:\/\/www.hotel-ziegler.com\/home\/doppelzimmer\/","og_site_name":"Hotel G\u00e4stehaus Ziegler","article_modified_time":"2025-01-03T11:24:41+00:00","og_image":[{"width":2560,"height":1440,"url":"https:\/\/www.hotel-ziegler.com\/home\/wp-content\/uploads\/2023\/07\/dpz_bed-scaled.jpg","type":"image\/jpeg"}],"twitter_card":"summary_large_image","twitter_misc":{"Gesch\u00e4tzte Lesezeit":"2\u00a0Minuten"},"schema":{"@context":"https:\/\/schema.org","@graph":[{"@type":"WebPage","@id":"https:\/\/www.hotel-ziegler.com\/home\/doppelzimmer\/","url":"https:\/\/www.hotel-ziegler.com\/home\/doppelzimmer\/","name":"Doppelzimmer ab 130.- \u20ac - Hotel G\u00e4stehaus Ziegler","isPartOf":{"@id":"https:\/\/www.hotel-ziegler.com\/home\/#website"},"primaryImageOfPage":{"@id":"https:\/\/www.hotel-ziegler.com\/home\/doppelzimmer\/#primaryimage"},"image":{"@id":"https:\/\/www.hotel-ziegler.com\/home\/doppelzimmer\/#primaryimage"},"thumbnailUrl":"https:\/\/www.hotel-ziegler.com\/home\/wp-content\/uploads\/2023\/07\/dpz_bed-scaled.jpg","datePublished":"2022-02-17T17:10:22+00:00","dateModified":"2025-01-03T11:24:41+00:00","breadcrumb":{"@id":"https:\/\/www.hotel-ziegler.com\/home\/doppelzimmer\/#breadcrumb"},"inLanguage":"de","potentialAction":[{"@type":"ReadAction","target":["https:\/\/www.hotel-ziegler.com\/home\/doppelzimmer\/"]}]},{"@type":"ImageObject","inLanguage":"de","@id":"https:\/\/www.hotel-ziegler.com\/home\/doppelzimmer\/#primaryimage","url":"https:\/\/www.hotel-ziegler.com\/home\/wp-content\/uploads\/2023\/07\/dpz_bed-scaled.jpg","contentUrl":"https:\/\/www.hotel-ziegler.com\/home\/wp-content\/uploads\/2023\/07\/dpz_bed-scaled.jpg","width":2560,"height":1440,"caption":"Doppelzimmer Bett"},{"@type":"BreadcrumbList","@id":"https:\/\/www.hotel-ziegler.com\/home\/doppelzimmer\/#breadcrumb","itemListElement":[{"@type":"ListItem","position":1,"name":"Startseite","item":"https:\/\/www.hotel-ziegler.com\/home\/"},{"@type":"ListItem","position":2,"name":"Doppelzimmer ab 130.- \u20ac"}]},{"@type":"WebSite","@id":"https:\/\/www.hotel-ziegler.com\/home\/#website","url":"https:\/\/www.hotel-ziegler.com\/home\/","name":"Hotel G\u00e4stehaus Ziegler","description":"Dein Hotel im Herzen Stuttgarts","publisher":{"@id":"https:\/\/www.hotel-ziegler.com\/home\/#organization"},"alternateName":"Hotel G\u00e4stehaus Ziegler Stuttgart","potentialAction":[{"@type":"SearchAction","target":{"@type":"EntryPoint","urlTemplate":"https:\/\/www.hotel-ziegler.com\/home\/?s={search_term_string}"},"query-input":{"@type":"PropertyValueSpecification","valueRequired":true,"valueName":"search_term_string"}}],"inLanguage":"de"},{"@type":"Organization","@id":"https:\/\/www.hotel-ziegler.com\/home\/#organization","name":"Hotel G\u00e4stehaus Ziegler","alternateName":"G\u00e4stehaus Ziegler Stuttgart","url":"https:\/\/www.hotel-ziegler.com\/home\/","logo":{"@type":"ImageObject","inLanguage":"de","@id":"https:\/\/www.hotel-ziegler.com\/home\/#\/schema\/logo\/image\/","url":"https:\/\/www.hotel-ziegler.com\/home\/wp-content\/uploads\/2023\/07\/ghz-logo-mit_tel.jpg","contentUrl":"https:\/\/www.hotel-ziegler.com\/home\/wp-content\/uploads\/2023\/07\/ghz-logo-mit_tel.jpg","width":535,"height":420,"caption":"Hotel G\u00e4stehaus Ziegler"},"image":{"@id":"https:\/\/www.hotel-ziegler.com\/home\/#\/schema\/logo\/image\/"}}]}},"_links":{"self":[{"href":"https:\/\/www.hotel-ziegler.com\/home\/wp-json\/wp\/v2\/pages\/60","targetHints":{"allow":["GET"]}}],"collection":[{"href":"https:\/\/www.hotel-ziegler.com\/home\/wp-json\/wp\/v2\/pages"}],"about":[{"href":"https:\/\/www.hotel-ziegler.com\/home\/wp-json\/wp\/v2\/types\/page"}],"author":[{"embeddable":true,"href":"https:\/\/www.hotel-ziegler.com\/home\/wp-json\/wp\/v2\/users\/1"}],"replies":[{"embeddable":true,"href":"https:\/\/www.hotel-ziegler.com\/home\/wp-json\/wp\/v2\/comments?post=60"}],"version-history":[{"count":29,"href":"https:\/\/www.hotel-ziegler.com\/home\/wp-json\/wp\/v2\/pages\/60\/revisions"}],"predecessor-version":[{"id":432,"href":"https:\/\/www.hotel-ziegler.com\/home\/wp-json\/wp\/v2\/pages\/60\/revisions\/432"}],"wp:featuredmedia":[{"embeddable":true,"href":"https:\/\/www.hotel-ziegler.com\/home\/wp-json\/wp\/v2\/media\/97"}],"wp:attachment":[{"href":"https:\/\/www.hotel-ziegler.com\/home\/wp-json\/wp\/v2\/media?parent=60"}],"curies":[{"name":"wp","href":"https:\/\/api.w.org\/{rel}","templated":true}]}}