{"id":332,"date":"2024-02-24T10:16:47","date_gmt":"2024-02-24T09:16:47","guid":{"rendered":"https:\/\/www.hotel-ziegler.com\/home\/?page_id=332"},"modified":"2026-04-18T09:09:42","modified_gmt":"2026-04-18T07:09:42","slug":"welcome","status":"publish","type":"page","link":"https:\/\/www.hotel-ziegler.com\/home\/en\/welcome\/","title":{"rendered":"Welcome"},"content":{"rendered":"\n<h3 class=\"wp-block-heading\">We warmly welcome you to the guest house Ziegler <\/h3>\n\n\n\n<p><\/p>\n\n\n\n<p>We are a small, modern and comfortable guest house in the center of Stuttgart.<\/p>\n\n\n\n<p><\/p>\n\n\n\n<p>Our house is centrally located. In the immediate vicinity you will find everything you need and in less than 5 minutes you are on the K\u00f6nigsstrasse, Stuttgart&#8217;s shopping mile.<br>We offer comfortable single and double rooms, each with its own bathroom, TV, telephone and free WIFI.<br>We are pleased to be able to offer you a good breakfast at our buffet every day.<\/p>\n\n\n\n<p><\/p>\n\n\n\n<p>We look forward to your visit.<br>Your Ehrmann family<\/p>\n\n\n\n<hr class=\"wp-block-separator has-alpha-channel-opacity\"\/>\n\n\n\n<h3 class=\"wp-block-heading has-text-align-center\">Our Rooms<\/h3>\n\n\n\n<div class=\"wp-block-columns has-background is-layout-flex wp-container-core-columns-is-layout-9d6595d7 wp-block-columns-is-layout-flex\" style=\"background-color:#e6e6e6\">\n<div class=\"wp-block-column is-layout-flow wp-block-column-is-layout-flow\">\n<figure class=\"wp-block-embed is-type-wp-embed is-provider-hotel-g-stehaus-ziegler wp-block-embed-hotel-g-stehaus-ziegler\"><div class=\"wp-block-embed__wrapper\">\n<blockquote class=\"wp-embedded-content\" data-secret=\"pBhpx3Gc6V\"><a href=\"https:\/\/www.hotel-ziegler.com\/home\/en\/single-room\/\">Single room from 85.- \u20ac<\/a><\/blockquote><iframe loading=\"lazy\" class=\"wp-embedded-content\" sandbox=\"allow-scripts\" security=\"restricted\" style=\"position: absolute; visibility: hidden;\" title=\"&#8222;Single room from 85.- \u20ac&#8220; &#8211; G\u00e4stehaus Ziegler - Your hotel in the heart of Stuttgart\" src=\"https:\/\/www.hotel-ziegler.com\/home\/en\/single-room\/embed\/#?secret=5GV58UiSTy#?secret=pBhpx3Gc6V\" data-secret=\"pBhpx3Gc6V\" width=\"600\" height=\"338\" frameborder=\"0\" marginwidth=\"0\" marginheight=\"0\" scrolling=\"no\"><\/iframe>\n<\/div><\/figure>\n<\/div>\n\n\n\n<div class=\"wp-block-column is-layout-flow wp-block-column-is-layout-flow\">\n<figure class=\"wp-block-embed is-type-wp-embed is-provider-hotel-g-stehaus-ziegler wp-block-embed-hotel-g-stehaus-ziegler\"><div class=\"wp-block-embed__wrapper\">\n<blockquote class=\"wp-embedded-content\" data-secret=\"Nlq6OIEvoC\"><a href=\"https:\/\/www.hotel-ziegler.com\/home\/en\/premium-room\/\">Premium-Room from 95.- \u20ac<\/a><\/blockquote><iframe loading=\"lazy\" class=\"wp-embedded-content\" sandbox=\"allow-scripts\" security=\"restricted\" style=\"position: absolute; visibility: hidden;\" title=\"&#8222;Premium-Room from 95.- \u20ac&#8220; &#8211; G\u00e4stehaus Ziegler - Your hotel in the heart of Stuttgart\" src=\"https:\/\/www.hotel-ziegler.com\/home\/en\/premium-room\/embed\/#?secret=WZvJFw8EZT#?secret=Nlq6OIEvoC\" data-secret=\"Nlq6OIEvoC\" width=\"600\" height=\"338\" frameborder=\"0\" marginwidth=\"0\" marginheight=\"0\" scrolling=\"no\"><\/iframe>\n<\/div><\/figure>\n<\/div>\n\n\n\n<div class=\"wp-block-column is-layout-flow wp-block-column-is-layout-flow\">\n<figure class=\"wp-block-embed is-type-wp-embed is-provider-hotel-g-stehaus-ziegler wp-block-embed-hotel-g-stehaus-ziegler\"><div class=\"wp-block-embed__wrapper\">\n<blockquote class=\"wp-embedded-content\" data-secret=\"S2Wzm88smB\"><a href=\"https:\/\/www.hotel-ziegler.com\/home\/en\/double-room\/\">Double room from 130.- \u20ac<\/a><\/blockquote><iframe loading=\"lazy\" class=\"wp-embedded-content\" sandbox=\"allow-scripts\" security=\"restricted\" style=\"position: absolute; visibility: hidden;\" title=\"&#8222;Double room from 130.- \u20ac&#8220; &#8211; G\u00e4stehaus Ziegler - Your hotel in the heart of Stuttgart\" src=\"https:\/\/www.hotel-ziegler.com\/home\/en\/double-room\/embed\/#?secret=PThlevs9Az#?secret=S2Wzm88smB\" data-secret=\"S2Wzm88smB\" width=\"600\" height=\"338\" frameborder=\"0\" marginwidth=\"0\" marginheight=\"0\" scrolling=\"no\"><\/iframe>\n<\/div><\/figure>\n<\/div>\n<\/div>\n\n\n\n<hr class=\"wp-block-separator has-alpha-channel-opacity\"\/>\n\n\n\n<h3 class=\"wp-block-heading has-text-align-center\"><strong>Here you will find us<\/strong><\/h3>\n\n\n\n<div class=\"wp-block-columns has-background is-layout-flex wp-container-core-columns-is-layout-9d6595d7 wp-block-columns-is-layout-flex\" style=\"background-color:#e6e6e6\">\n<div class=\"wp-block-column is-layout-flow wp-block-column-is-layout-flow\">    <div class=\"exggmap-wrapper is-style-wide\" style=\"aspect-ratio:16 \/ 9\">\r\n      <div class=\"exggmap-mask\" style=\"background-color: #efefef; color:#444444\">\r\n        <div class=\"exggmap-mask-content\">\r\n        <p class=\"exggmap-caption\">DSGVO MAP<\/p>\r\n            <button style=\"color: #444444; background-color: #dc7042; border-color: #444444\"  id=\"exggmap-btn\">Karte laden *<\/button>\r\n        <\/div>\r\n              <\/div>\r\n      <iframe\r\n        data-src=\"https:\/\/www.google.com\/maps\/embed?pb=!1m18!1m12!1m3!1d92.775066960603!2d9.187859489866636!3d48.773919596703095!2m3!1f0!2f39.4348775701568!3f0!3m2!1i1024!2i768!4f35!3m3!1m2!1s0x4799c4b5de456389%3A0x9c69ae415cfae63c!2sG%C3%A4stehaus%20Ziegler!5e1!3m2!1sde!2sde!4v1692011687953!5m2!1sde!2sde\"\r\n        frameborder=\"0\"\r\n        allowfullscreen=\"\"\r\n        aria-hidden=\"false\"\r\n        tabindex=\"0\">\r\n      <\/iframe>\r\n    <\/div>\r\n    <p class=\"exampp-hints\">\r\n    * Mit dem Laden der Karte akzeptierst du die Datenschutzerkl\u00e4rung von Google.      <a\r\n        target=\"_blank\"\r\n        rel=\"noopener noreferrer\"\r\n        href=\"https:\/\/policies.google.com\/privacy?hl=de\">Mehr erfahren<\/a>\r\n    <\/p>\r\n\t\n<\/div>\n<\/div>\n\n\n\n<p><\/p>\n\n\n\n<hr class=\"wp-block-separator has-alpha-channel-opacity\"\/>\n\n\n\n<h3 class=\"wp-block-heading has-text-align-center\"><strong>Parking Space<\/strong><\/h3>\n\n\n<div class=\"wp-block-image\">\n<figure class=\"aligncenter size-full is-resized\"><a href=\"https:\/\/www.hotel-ziegler.com\/home\/wp-content\/uploads\/2026\/04\/Parkplatz.png\"><img loading=\"lazy\" decoding=\"async\" width=\"500\" height=\"501\" src=\"https:\/\/www.hotel-ziegler.com\/home\/wp-content\/uploads\/2026\/04\/Parkplatz.png\" alt=\"\" class=\"wp-image-468\" style=\"width:80px\" srcset=\"https:\/\/www.hotel-ziegler.com\/home\/wp-content\/uploads\/2026\/04\/Parkplatz.png 500w, https:\/\/www.hotel-ziegler.com\/home\/wp-content\/uploads\/2026\/04\/Parkplatz-300x300.png 300w, https:\/\/www.hotel-ziegler.com\/home\/wp-content\/uploads\/2026\/04\/Parkplatz-150x150.png 150w\" sizes=\"auto, (max-width: 500px) 100vw, 500px\" \/><\/a><\/figure>\n<\/div>\n\n\n<p>The guesthouse does not have its own parking spaces, but you are welcome to briefly stop and check in within the designated loading zones upon arrival.<\/p>\n\n\n\n<p>A Park &amp; \u200b\u200bRide facility with very reasonable rates is available in Degerloch. Please enter the address &#8220;L\u00f6ffelstra\u00dfe 43, 70597 Stuttgart&#8221; into your navigation system. This parking garage is located in Degerloch directly next to the CMS Tower on the B 27. The Park &amp; \u200b\u200bRide system is very convenient: The parking ticket is valid not only for parking but also for unlimited travel on VVS public transport in 2nd class within fare zone 1 (Stuttgart city center). From there, you can take the U5, U6, or U12 subway lines to the Olgaeck station in just a few minutes.<\/p>\n\n\n\n<p>Public parking (fees apply) is available nearby. If you cannot find a free space, there is also the Z\u00fcblin parking garage (please enter Lazarettstra\u00dfe 5, 70182 Stuttgart into your navigation system). The Z\u00fcblin parking garage is approximately 700-900 meters from the guesthouse.<\/p>\n\n\n\n<p>There is also a public parking garage in the nearby Justice District at the State Library (please enter Konrad-Adenauer-Stra\u00dfe 10, 70173 Stuttgart into your navigation system). This parking garage is approximately 650 meters from the guesthouse.<\/p>\n\n\n\n<p><\/p>\n\n\n\n<p><\/p>\n","protected":false},"excerpt":{"rendered":"<p>We warmly welcome you to the guest house Ziegler We are a small, modern and comfortable guest house in the center of Stuttgart. Our house is centrally located. In the &#8230;<\/p>\n","protected":false},"author":1,"featured_media":0,"parent":0,"menu_order":0,"comment_status":"closed","ping_status":"closed","template":"","meta":{"footnotes":""},"class_list":["post-332","page","type-page","status-publish","hentry"],"yoast_head":"<!-- This site is optimized with the Yoast SEO plugin v27.5 - https:\/\/yoast.com\/product\/yoast-seo-wordpress\/ -->\n<title>Welcome - Hotel G\u00e4stehaus Ziegler<\/title>\n<meta name=\"robots\" content=\"index, follow, max-snippet:-1, max-image-preview:large, max-video-preview:-1\" \/>\n<link rel=\"canonical\" href=\"https:\/\/www.hotel-ziegler.com\/home\/en\/welcome\/\" \/>\n<meta property=\"og:locale\" content=\"de_DE\" \/>\n<meta property=\"og:type\" content=\"article\" \/>\n<meta property=\"og:title\" content=\"Welcome - Hotel G\u00e4stehaus Ziegler\" \/>\n<meta property=\"og:description\" content=\"We warmly welcome you to the guest house Ziegler We are a small, modern and comfortable guest house in the center of Stuttgart. Our house is centrally located. In the ...\" \/>\n<meta property=\"og:url\" content=\"https:\/\/www.hotel-ziegler.com\/home\/en\/welcome\/\" \/>\n<meta property=\"og:site_name\" content=\"Hotel G\u00e4stehaus Ziegler\" \/>\n<meta property=\"article:modified_time\" content=\"2026-04-18T07:09:42+00:00\" \/>\n<meta property=\"og:image\" content=\"https:\/\/www.hotel-ziegler.com\/home\/wp-content\/uploads\/2026\/04\/Parkplatz.png\" \/>\n\t<meta property=\"og:image:width\" content=\"500\" \/>\n\t<meta property=\"og:image:height\" content=\"501\" \/>\n\t<meta property=\"og:image:type\" content=\"image\/png\" \/>\n<meta name=\"twitter:card\" content=\"summary_large_image\" \/>\n<meta name=\"twitter:label1\" content=\"Gesch\u00e4tzte Lesezeit\" \/>\n\t<meta name=\"twitter:data1\" content=\"2\u00a0Minuten\" \/>\n<script type=\"application\/ld+json\" class=\"yoast-schema-graph\">{\"@context\":\"https:\\\/\\\/schema.org\",\"@graph\":[{\"@type\":\"WebPage\",\"@id\":\"https:\\\/\\\/www.hotel-ziegler.com\\\/home\\\/en\\\/welcome\\\/\",\"url\":\"https:\\\/\\\/www.hotel-ziegler.com\\\/home\\\/en\\\/welcome\\\/\",\"name\":\"Welcome - Hotel G\u00e4stehaus Ziegler\",\"isPartOf\":{\"@id\":\"https:\\\/\\\/www.hotel-ziegler.com\\\/home\\\/#website\"},\"primaryImageOfPage\":{\"@id\":\"https:\\\/\\\/www.hotel-ziegler.com\\\/home\\\/en\\\/welcome\\\/#primaryimage\"},\"image\":{\"@id\":\"https:\\\/\\\/www.hotel-ziegler.com\\\/home\\\/en\\\/welcome\\\/#primaryimage\"},\"thumbnailUrl\":\"https:\\\/\\\/www.hotel-ziegler.com\\\/home\\\/wp-content\\\/uploads\\\/2026\\\/04\\\/Parkplatz.png\",\"datePublished\":\"2024-02-24T09:16:47+00:00\",\"dateModified\":\"2026-04-18T07:09:42+00:00\",\"breadcrumb\":{\"@id\":\"https:\\\/\\\/www.hotel-ziegler.com\\\/home\\\/en\\\/welcome\\\/#breadcrumb\"},\"inLanguage\":\"de\",\"potentialAction\":[{\"@type\":\"ReadAction\",\"target\":[\"https:\\\/\\\/www.hotel-ziegler.com\\\/home\\\/en\\\/welcome\\\/\"]}]},{\"@type\":\"ImageObject\",\"inLanguage\":\"de\",\"@id\":\"https:\\\/\\\/www.hotel-ziegler.com\\\/home\\\/en\\\/welcome\\\/#primaryimage\",\"url\":\"https:\\\/\\\/www.hotel-ziegler.com\\\/home\\\/wp-content\\\/uploads\\\/2026\\\/04\\\/Parkplatz.png\",\"contentUrl\":\"https:\\\/\\\/www.hotel-ziegler.com\\\/home\\\/wp-content\\\/uploads\\\/2026\\\/04\\\/Parkplatz.png\"},{\"@type\":\"BreadcrumbList\",\"@id\":\"https:\\\/\\\/www.hotel-ziegler.com\\\/home\\\/en\\\/welcome\\\/#breadcrumb\",\"itemListElement\":[{\"@type\":\"ListItem\",\"position\":1,\"name\":\"Startseite\",\"item\":\"https:\\\/\\\/www.hotel-ziegler.com\\\/home\\\/\"},{\"@type\":\"ListItem\",\"position\":2,\"name\":\"Welcome\"}]},{\"@type\":\"WebSite\",\"@id\":\"https:\\\/\\\/www.hotel-ziegler.com\\\/home\\\/#website\",\"url\":\"https:\\\/\\\/www.hotel-ziegler.com\\\/home\\\/\",\"name\":\"Hotel G\u00e4stehaus Ziegler\",\"description\":\"Dein Hotel im Herzen Stuttgarts\",\"publisher\":{\"@id\":\"https:\\\/\\\/www.hotel-ziegler.com\\\/home\\\/#organization\"},\"alternateName\":\"Hotel G\u00e4stehaus Ziegler Stuttgart\",\"potentialAction\":[{\"@type\":\"SearchAction\",\"target\":{\"@type\":\"EntryPoint\",\"urlTemplate\":\"https:\\\/\\\/www.hotel-ziegler.com\\\/home\\\/?s={search_term_string}\"},\"query-input\":{\"@type\":\"PropertyValueSpecification\",\"valueRequired\":true,\"valueName\":\"search_term_string\"}}],\"inLanguage\":\"de\"},{\"@type\":\"Organization\",\"@id\":\"https:\\\/\\\/www.hotel-ziegler.com\\\/home\\\/#organization\",\"name\":\"Hotel G\u00e4stehaus Ziegler\",\"alternateName\":\"G\u00e4stehaus Ziegler Stuttgart\",\"url\":\"https:\\\/\\\/www.hotel-ziegler.com\\\/home\\\/\",\"logo\":{\"@type\":\"ImageObject\",\"inLanguage\":\"de\",\"@id\":\"https:\\\/\\\/www.hotel-ziegler.com\\\/home\\\/#\\\/schema\\\/logo\\\/image\\\/\",\"url\":\"https:\\\/\\\/www.hotel-ziegler.com\\\/home\\\/wp-content\\\/uploads\\\/2023\\\/07\\\/ghz-logo-mit_tel.jpg\",\"contentUrl\":\"https:\\\/\\\/www.hotel-ziegler.com\\\/home\\\/wp-content\\\/uploads\\\/2023\\\/07\\\/ghz-logo-mit_tel.jpg\",\"width\":535,\"height\":420,\"caption\":\"Hotel G\u00e4stehaus Ziegler\"},\"image\":{\"@id\":\"https:\\\/\\\/www.hotel-ziegler.com\\\/home\\\/#\\\/schema\\\/logo\\\/image\\\/\"}}]}<\/script>\n<!-- \/ Yoast SEO plugin. -->","yoast_head_json":{"title":"Welcome - Hotel G\u00e4stehaus Ziegler","robots":{"index":"index","follow":"follow","max-snippet":"max-snippet:-1","max-image-preview":"max-image-preview:large","max-video-preview":"max-video-preview:-1"},"canonical":"https:\/\/www.hotel-ziegler.com\/home\/en\/welcome\/","og_locale":"de_DE","og_type":"article","og_title":"Welcome - Hotel G\u00e4stehaus Ziegler","og_description":"We warmly welcome you to the guest house Ziegler We are a small, modern and comfortable guest house in the center of Stuttgart. Our house is centrally located. In the ...","og_url":"https:\/\/www.hotel-ziegler.com\/home\/en\/welcome\/","og_site_name":"Hotel G\u00e4stehaus Ziegler","article_modified_time":"2026-04-18T07:09:42+00:00","og_image":[{"width":500,"height":501,"url":"https:\/\/www.hotel-ziegler.com\/home\/wp-content\/uploads\/2026\/04\/Parkplatz.png","type":"image\/png"}],"twitter_card":"summary_large_image","twitter_misc":{"Gesch\u00e4tzte Lesezeit":"2\u00a0Minuten"},"schema":{"@context":"https:\/\/schema.org","@graph":[{"@type":"WebPage","@id":"https:\/\/www.hotel-ziegler.com\/home\/en\/welcome\/","url":"https:\/\/www.hotel-ziegler.com\/home\/en\/welcome\/","name":"Welcome - Hotel G\u00e4stehaus Ziegler","isPartOf":{"@id":"https:\/\/www.hotel-ziegler.com\/home\/#website"},"primaryImageOfPage":{"@id":"https:\/\/www.hotel-ziegler.com\/home\/en\/welcome\/#primaryimage"},"image":{"@id":"https:\/\/www.hotel-ziegler.com\/home\/en\/welcome\/#primaryimage"},"thumbnailUrl":"https:\/\/www.hotel-ziegler.com\/home\/wp-content\/uploads\/2026\/04\/Parkplatz.png","datePublished":"2024-02-24T09:16:47+00:00","dateModified":"2026-04-18T07:09:42+00:00","breadcrumb":{"@id":"https:\/\/www.hotel-ziegler.com\/home\/en\/welcome\/#breadcrumb"},"inLanguage":"de","potentialAction":[{"@type":"ReadAction","target":["https:\/\/www.hotel-ziegler.com\/home\/en\/welcome\/"]}]},{"@type":"ImageObject","inLanguage":"de","@id":"https:\/\/www.hotel-ziegler.com\/home\/en\/welcome\/#primaryimage","url":"https:\/\/www.hotel-ziegler.com\/home\/wp-content\/uploads\/2026\/04\/Parkplatz.png","contentUrl":"https:\/\/www.hotel-ziegler.com\/home\/wp-content\/uploads\/2026\/04\/Parkplatz.png"},{"@type":"BreadcrumbList","@id":"https:\/\/www.hotel-ziegler.com\/home\/en\/welcome\/#breadcrumb","itemListElement":[{"@type":"ListItem","position":1,"name":"Startseite","item":"https:\/\/www.hotel-ziegler.com\/home\/"},{"@type":"ListItem","position":2,"name":"Welcome"}]},{"@type":"WebSite","@id":"https:\/\/www.hotel-ziegler.com\/home\/#website","url":"https:\/\/www.hotel-ziegler.com\/home\/","name":"Hotel G\u00e4stehaus Ziegler","description":"Dein Hotel im Herzen Stuttgarts","publisher":{"@id":"https:\/\/www.hotel-ziegler.com\/home\/#organization"},"alternateName":"Hotel G\u00e4stehaus Ziegler Stuttgart","potentialAction":[{"@type":"SearchAction","target":{"@type":"EntryPoint","urlTemplate":"https:\/\/www.hotel-ziegler.com\/home\/?s={search_term_string}"},"query-input":{"@type":"PropertyValueSpecification","valueRequired":true,"valueName":"search_term_string"}}],"inLanguage":"de"},{"@type":"Organization","@id":"https:\/\/www.hotel-ziegler.com\/home\/#organization","name":"Hotel G\u00e4stehaus Ziegler","alternateName":"G\u00e4stehaus Ziegler Stuttgart","url":"https:\/\/www.hotel-ziegler.com\/home\/","logo":{"@type":"ImageObject","inLanguage":"de","@id":"https:\/\/www.hotel-ziegler.com\/home\/#\/schema\/logo\/image\/","url":"https:\/\/www.hotel-ziegler.com\/home\/wp-content\/uploads\/2023\/07\/ghz-logo-mit_tel.jpg","contentUrl":"https:\/\/www.hotel-ziegler.com\/home\/wp-content\/uploads\/2023\/07\/ghz-logo-mit_tel.jpg","width":535,"height":420,"caption":"Hotel G\u00e4stehaus Ziegler"},"image":{"@id":"https:\/\/www.hotel-ziegler.com\/home\/#\/schema\/logo\/image\/"}}]}},"_links":{"self":[{"href":"https:\/\/www.hotel-ziegler.com\/home\/wp-json\/wp\/v2\/pages\/332","targetHints":{"allow":["GET"]}}],"collection":[{"href":"https:\/\/www.hotel-ziegler.com\/home\/wp-json\/wp\/v2\/pages"}],"about":[{"href":"https:\/\/www.hotel-ziegler.com\/home\/wp-json\/wp\/v2\/types\/page"}],"author":[{"embeddable":true,"href":"https:\/\/www.hotel-ziegler.com\/home\/wp-json\/wp\/v2\/users\/1"}],"replies":[{"embeddable":true,"href":"https:\/\/www.hotel-ziegler.com\/home\/wp-json\/wp\/v2\/comments?post=332"}],"version-history":[{"count":9,"href":"https:\/\/www.hotel-ziegler.com\/home\/wp-json\/wp\/v2\/pages\/332\/revisions"}],"predecessor-version":[{"id":471,"href":"https:\/\/www.hotel-ziegler.com\/home\/wp-json\/wp\/v2\/pages\/332\/revisions\/471"}],"wp:attachment":[{"href":"https:\/\/www.hotel-ziegler.com\/home\/wp-json\/wp\/v2\/media?parent=332"}],"curies":[{"name":"wp","href":"https:\/\/api.w.org\/{rel}","templated":true}]}}